{"id":2080,"date":"2021-09-03T14:45:20","date_gmt":"2021-09-03T14:45:20","guid":{"rendered":"http:\/\/nsl.drenai.net\/?page_id=2080"},"modified":"2023-09-13T06:30:35","modified_gmt":"2023-09-13T06:30:35","slug":"2080-2","status":"publish","type":"page","link":"http:\/\/nsl.drenai.net\/?page_id=2080","title":{"rendered":"Modus"},"content":{"rendered":"<h1><span id=\"Modus\" class=\"mw-headline\">Modus<\/span><\/h1>\n<p>Ab 2023 gibt es eine Pre Seaoson mit der Ausspielung des NSL League Cup und eine Regular Season mit der Championship.<\/p>\n<p>Aus der Rangliste der Championship ergibt sich dann die Qualifikationsreihenfolge der anstehenden Astoria Soccer Trophy und des NSL League Cups f\u00fcr die Folgesaison.<\/p>\n<h2><span id=\"Pre_Season:_NSL_League_Cup\" class=\"mw-headline\">Pre Season: NSL League Cup<\/span><\/h2>\n<p>Ab 2023 wird es ein KO-Turnier in der Pre-Season mit den zehn besten Teams der Vor-Saisons geben.<\/p>\n<p>An einem Samstag empf\u00e4ngt der 7. Platz der Vorsaison den 10. Platz und am Sonntag der 8. Platz empf\u00e4ngt den 9. Platz.<\/p>\n<p>Am Freitag darauf empf\u00e4ngt dann der 4. Platz der Vorsaison den 5. Platz der Vorsaison. Am Samstag empf\u00e4ngt der 3. Platz der Vorsaison den 6. Platz der Vorsaison. Am Sonntag empf\u00e4ngt dann der Meister der Vorsaison das schlechter platzierte Team vom Mittwoch und der Vizemeister das besser platzierte Team der Vorsaions.<\/p>\n<p>Im Halbfinale empf\u00e4ngt dann am Samstag das zweitbese platzierte Team das drittbeste Team und am Sonntag dann das am beste platzierte Team das am schlechteste platzioerte Team.<\/p>\n<p>Sonntag darauf gibt es dann das Finale. 2023 findet das Finale im Stadion des ersten Rekord-Champions (bei den Freeport Mariners) der Arthur-Pember-Trophy und das zweite Finale im Stadion der zweiten Rekord-Champions der Trophy, den Lakefield Barons statt. Ab 2025 wird das Finale beim Sieger des NSL League Cups des Vorvorjahres stattfinden.<\/p>\n<h2><span id=\"Regular_Season:_Championship\" class=\"mw-headline\">Regular Season: Championship<\/span><\/h2>\n<p>W\u00e4hrend einer Meisterschaft, welche sich in eine Hin- und R\u00fcckrunde unterteilt, treffen alle 20 Teams anhand eines vor der Saison festgelegten Spielplans zweimal aufeinander; einmal im eigenen Stadion und einmal im Stadion des Gegners. Eine Season mit ihren 38 Spieltagen beginnt in der Regel nach einer Saison der Astoria Soccer League. Die einzelnen Spieltage werden vom 2. bis zum 36. Spieltag Mittwochs, Freitags und Sonntags angepfiffen. Die Spieltag 1, 37 und 38 werden am Sonntag ausgespielt. Sollte es eine \u00dcberschneidung mit anderen Ligen geben, w\u00fcrde die NSL die Spieltage anders festlegen lassen. Das Er\u00f6ffnungsspiel zwischen dem aktuellen Meiser und seinem Gegner wird im Stadion des Titelverteidigers am Samstag vor dem 1. Spieltag ausgetragen.<\/p>\n<p>Die Spielplan wird so ausgestaltet, dass die ersten drei der Vorsaison an den letzten drei Spieltagen gegeneinadner Heimrecht haben. Dabei hat der Titelverteidiger am 38. Spieltag gegen den letztj\u00e4hrigen Vizemeister Heimrecht und der Titelverteidger am 36. Spieltag gegen den drittplatzierten auch Heimrecht. Am 37. Spieltag empf\u00e4ngt der drittplatzierte den Vizemeister. Die \u00fcbrigen Spiele sind zuf\u00e4llig.<\/p>\n<p>Nach jeder Partie erh\u00e4lt die siegreiche Mannschaft drei Punkte und die besiegte keinen Punkt, bei einem Unentschieden jede Mannschaft einen Punkt. Die erreichten Punkte einer Spielzeit werden addiert und ergeben so f\u00fcr jeden Spieltag eine aktuelle Rangliste der Teams. Bei Punktgleichheit entscheidet die bessere Tordifferenz \u00fcber die Reihenfolge der Platzierung, bei gleicher Differenz die Anzahl der erzielten Tore. Sollten danach zwei Teams immer noch gleichplatziert sein, entscheidet das Gesamtergebnis aus den Partien gegeneinander.<\/p>\n<p>Die Mannschaft, die nach dieser doppelten Punktrunde den ersten Platz belegt, erh\u00e4lt f\u00fcr ein Jahr den Titel \u201eNSL-Champion&#8220; Neben dem NSL-Meisterschaft werden \u00fcber die NSL auch die Teilnehmer an der Astoria Soccer Trophy ermittelt. Dabei wird die Anzahl der Teams, welche bereits in der 1. Runde einsteigen oder noch in die Qualifikation anhand der Platzierung bestimmt. Welche Platzierung f\u00fcr was z\u00e4hlt, wird erst durch die Anzahl der gemeldeten ASL Teams geregelt. Diese haben einen Vorrang auf die ersten geregelte Play Off-Runde.<\/p>\n<p>Der Modus der NSL besteht erst seit der Season 2023. Von 2014 bis 2022 gabe es vorab eine Regular Seaosn, wo die Teams in Divisions zu je sechs Teams spielten und anschlie\u00dfend in einer Championship Season den j\u00e4hrlichen Meister ausspielte. In den ersten beiden Jahren gab es zwei Divisions mit anschlie\u00dfend sechs Teams in der Championship Season. Von 2016 bis 2022 gab es dann 18 Teams in drei Divisions, wovon sich dann zehn Teams f\u00fcr die Championship Season qualifizierten.<\/p>\n<p>Von 2014 bis 2022 erhielt das beste Team der Regular Season die Arthur-Pember-Trophy.<\/p>\n","protected":false},"excerpt":{"rendered":"<p>Modus Ab 2023 gibt es eine Pre Seaoson mit der Ausspielung des NSL League Cup und eine Regular Season mit der Championship. Aus der Rangliste der Championship ergibt sich dann die Qualifikationsreihenfolge der anstehenden Astoria Soccer Trophy und des NSL League Cups f\u00fcr die Folgesaison. Pre Season: NSL League Cup Ab 2023 wird es ein [&hellip;]<\/p>\n","protected":false},"author":1,"featured_media":0,"parent":0,"menu_order":0,"comment_status":"closed","ping_status":"closed","template":"","meta":{"footnotes":""},"class_list":["post-2080","page","type-page","status-publish","hentry"],"_links":{"self":[{"href":"http:\/\/nsl.drenai.net\/index.php?rest_route=\/wp\/v2\/pages\/2080","targetHints":{"allow":["GET"]}}],"collection":[{"href":"http:\/\/nsl.drenai.net\/index.php?rest_route=\/wp\/v2\/pages"}],"about":[{"href":"http:\/\/nsl.drenai.net\/index.php?rest_route=\/wp\/v2\/types\/page"}],"author":[{"embeddable":true,"href":"http:\/\/nsl.drenai.net\/index.php?rest_route=\/wp\/v2\/users\/1"}],"replies":[{"embeddable":true,"href":"http:\/\/nsl.drenai.net\/index.php?rest_route=%2Fwp%2Fv2%2Fcomments&post=2080"}],"version-history":[{"count":5,"href":"http:\/\/nsl.drenai.net\/index.php?rest_route=\/wp\/v2\/pages\/2080\/revisions"}],"predecessor-version":[{"id":2891,"href":"http:\/\/nsl.drenai.net\/index.php?rest_route=\/wp\/v2\/pages\/2080\/revisions\/2891"}],"wp:attachment":[{"href":"http:\/\/nsl.drenai.net\/index.php?rest_route=%2Fwp%2Fv2%2Fmedia&parent=2080"}],"curies":[{"name":"wp","href":"https:\/\/api.w.org\/{rel}","templated":true}]}}