{"id":2243,"date":"2022-04-28T13:28:52","date_gmt":"2022-04-28T13:28:52","guid":{"rendered":"http:\/\/nsl.drenai.net\/?page_id=2243"},"modified":"2022-10-05T07:10:03","modified_gmt":"2022-10-05T07:10:03","slug":"2022-2","status":"publish","type":"page","link":"http:\/\/nsl.drenai.net\/?page_id=2243","title":{"rendered":"2022"},"content":{"rendered":"<p>Die neunte Saison startet am 27. Mai mit dem Serena Friendship-Game in der Pre-Season, den NSL Cups, die dann mit den Finalspielen vom 02. bis zum 04. Juni endeten.<\/p>\n<h2>NSL-Cups<\/h2>\n<div class=\"sportspress sp-widget-align-justify\"><div class=\"sp-template sp-template-event-list\">\n\t\t\t<h4 class=\"sp-table-caption\">Finalspiele<\/h4>\n\t\t<div class=\"sp-table-wrapper\">\n\t\t<table class=\"sp-event-list sp-event-list-format-title sp-data-table\n\t\t\t\t\t\t\t\t\t\t\t\t\t\t\t\t\t\t\t\t sp-paginated-table\n\t\t\t\t\t\t\t\t\t\t\t\t\t\t\t\t\t\t \t\t\t sp-sortable-table\n\t\t\t\t\t\t\t\t\t\t\t\t\t\t\t\t\t\t \t\t\t\t\t\t\t\t\t\t\t\t\t sp-scrollable-table \" data-sp-rows=\"10\">\n\t\t\t<thead>\n\t\t\t\t<tr>\n\t\t\t\t\t<th class=\"data-date\">Datum<\/th><th class=\"data-event\">Match<\/th><th class=\"data-time\">Zeit\/Ergebnisse<\/th><th class=\"data-league\">League<\/th><th style=\"display:none;\" class=\"data-venue\">Ground<\/th>\t\t\t\t<\/tr>\n\t\t\t<\/thead>\n\t\t\t<tbody>\n\t\t\t\t<tr class=\"sp-row sp-post alternate sp-row-no-0\" itemscope itemtype=\"http:\/\/schema.org\/SportsEvent\"><td class=\"data-date\" itemprop=\"startDate\" content=\"2022-06-05T06:39:31+00:00\" data-label=\"Datum\"><a href=\"http:\/\/nsl.drenai.net\/?sp_event=kamana-cobras-lakefield-barons\" itemprop=\"url\"><date>2022-06-05 06:39:31<\/date>Juni 5, 2022<\/a><\/td><td class=\"data-event\" data-label=\"Match\"><a href=\"http:\/\/nsl.drenai.net\/?sp_event=kamana-cobras-lakefield-barons\"> Kamana Cobras \u2014 Lakefield Barons<\/a><\/td><td class=\"data-time ok\" data-label=\"Zeit\/Ergebnisse\"><a href=\"http:\/\/nsl.drenai.net\/?sp_event=kamana-cobras-lakefield-barons\" itemprop=\"url\">0 - 1<\/a><\/td><td class=\"data-league\" data-label=\"League\">Ocean Cup<\/td><td style=\"display:none;\" class=\"data-venue\" data-label=\"Ground\" itemprop=\"location\" itemscope itemtype=\"http:\/\/schema.org\/Place\"><div itemprop=\"address\" itemscope itemtype=\"http:\/\/schema.org\/PostalAddress\">N\/A<\/div><\/td><\/tr><tr class=\"sp-row sp-post sp-row-no-1\" itemscope itemtype=\"http:\/\/schema.org\/SportsEvent\"><td class=\"data-date\" itemprop=\"startDate\" content=\"2022-06-05T06:38:39+00:00\" data-label=\"Datum\"><a href=\"http:\/\/nsl.drenai.net\/?sp_event=gareth-scorpions-astoria-city-rapids-2\" itemprop=\"url\"><date>2022-06-05 06:38:39<\/date>Juni 5, 2022<\/a><\/td><td class=\"data-event\" data-label=\"Match\"><a href=\"http:\/\/nsl.drenai.net\/?sp_event=gareth-scorpions-astoria-city-rapids-2\"> Gareth Scorpions \u2014 Astoria City Rapids<\/a><\/td><td class=\"data-time ok\" data-label=\"Zeit\/Ergebnisse\"><a href=\"http:\/\/nsl.drenai.net\/?sp_event=gareth-scorpions-astoria-city-rapids-2\" itemprop=\"url\">1 - 0<\/a><\/td><td class=\"data-league\" data-label=\"League\">Liberty Bay Cup<\/td><td style=\"display:none;\" class=\"data-venue\" data-label=\"Ground\" itemprop=\"location\" itemscope itemtype=\"http:\/\/schema.org\/Place\"><div itemprop=\"address\" itemscope itemtype=\"http:\/\/schema.org\/PostalAddress\">N\/A<\/div><\/td><\/tr><tr class=\"sp-row sp-post alternate sp-row-no-2\" itemscope itemtype=\"http:\/\/schema.org\/SportsEvent\"><td class=\"data-date\" itemprop=\"startDate\" content=\"2022-06-04T06:37:49+00:00\" data-label=\"Datum\"><a href=\"http:\/\/nsl.drenai.net\/?sp_event=liaoning-wizards-xij-an-nitros-2\" itemprop=\"url\"><date>2022-06-04 06:37:49<\/date>Juni 4, 2022<\/a><\/td><td class=\"data-event\" data-label=\"Match\"><a href=\"http:\/\/nsl.drenai.net\/?sp_event=liaoning-wizards-xij-an-nitros-2\"> Liaoning Wizards \u2014 Xij-An Nitros<\/a><\/td><td class=\"data-time ok\" data-label=\"Zeit\/Ergebnisse\"><a href=\"http:\/\/nsl.drenai.net\/?sp_event=liaoning-wizards-xij-an-nitros-2\" itemprop=\"url\">0 - 0<\/a><\/td><td class=\"data-league\" data-label=\"League\">Chan Sen Cup<\/td><td style=\"display:none;\" class=\"data-venue\" data-label=\"Ground\" itemprop=\"location\" itemscope itemtype=\"http:\/\/schema.org\/Place\"><div itemprop=\"address\" itemscope itemtype=\"http:\/\/schema.org\/PostalAddress\">N\/A<\/div><\/td><\/tr><tr class=\"sp-row sp-post sp-row-no-3\" itemscope itemtype=\"http:\/\/schema.org\/SportsEvent\"><td class=\"data-date\" itemprop=\"startDate\" content=\"2022-06-04T06:37:12+00:00\" data-label=\"Datum\"><a href=\"http:\/\/nsl.drenai.net\/?sp_event=2121\" itemprop=\"url\"><date>2022-06-04 06:37:12<\/date>Juni 4, 2022<\/a><\/td><td class=\"data-event\" data-label=\"Match\"><a href=\"http:\/\/nsl.drenai.net\/?sp_event=2121\"> Massena United \u2014 Cedar Creek Kings<\/a><\/td><td class=\"data-time ok\" data-label=\"Zeit\/Ergebnisse\"><a href=\"http:\/\/nsl.drenai.net\/?sp_event=2121\" itemprop=\"url\">1 - 2<\/a><\/td><td class=\"data-league\" data-label=\"League\">North Cup<\/td><td style=\"display:none;\" class=\"data-venue\" data-label=\"Ground\" itemprop=\"location\" itemscope itemtype=\"http:\/\/schema.org\/Place\"><div itemprop=\"address\" itemscope itemtype=\"http:\/\/schema.org\/PostalAddress\">N\/A<\/div><\/td><\/tr><tr class=\"sp-row sp-post alternate sp-row-no-4\" itemscope itemtype=\"http:\/\/schema.org\/SportsEvent\"><td class=\"data-date\" itemprop=\"startDate\" content=\"2022-06-03T06:36:34+00:00\" data-label=\"Datum\"><a href=\"http:\/\/nsl.drenai.net\/?sp_event=2120\" itemprop=\"url\"><date>2022-06-03 06:36:34<\/date>Juni 3, 2022<\/a><\/td><td class=\"data-event\" data-label=\"Match\"><a href=\"http:\/\/nsl.drenai.net\/?sp_event=2120\"> Alcantara Wolves \u2014 Williamsburg Hurricanes<\/a><\/td><td class=\"data-time ok\" data-label=\"Zeit\/Ergebnisse\"><a href=\"http:\/\/nsl.drenai.net\/?sp_event=2120\" itemprop=\"url\">1 - 0<\/a><\/td><td class=\"data-league\" data-label=\"League\">New Alcantara Cup<\/td><td style=\"display:none;\" class=\"data-venue\" data-label=\"Ground\" itemprop=\"location\" itemscope itemtype=\"http:\/\/schema.org\/Place\"><div itemprop=\"address\" itemscope itemtype=\"http:\/\/schema.org\/PostalAddress\">N\/A<\/div><\/td><\/tr><tr class=\"sp-row sp-post sp-row-no-5\" itemscope itemtype=\"http:\/\/schema.org\/SportsEvent\"><td class=\"data-date\" itemprop=\"startDate\" content=\"2022-06-01T06:35:32+00:00\" data-label=\"Datum\"><a href=\"http:\/\/nsl.drenai.net\/?sp_event=freeport-mariners-santa-clara-towers\" itemprop=\"url\"><date>2022-06-01 06:35:32<\/date>Juni 1, 2022<\/a><\/td><td class=\"data-event\" data-label=\"Match\"><a href=\"http:\/\/nsl.drenai.net\/?sp_event=freeport-mariners-santa-clara-towers\"> Freeport Mariners \u2014 Santa Clara Towers<\/a><\/td><td class=\"data-time ok\" data-label=\"Zeit\/Ergebnisse\"><a href=\"http:\/\/nsl.drenai.net\/?sp_event=freeport-mariners-santa-clara-towers\" itemprop=\"url\">4 - 0<\/a><\/td><td class=\"data-league\" data-label=\"League\">Peninsula Cup<\/td><td style=\"display:none;\" class=\"data-venue\" data-label=\"Ground\" itemprop=\"location\" itemscope itemtype=\"http:\/\/schema.org\/Place\"><div itemprop=\"address\" itemscope itemtype=\"http:\/\/schema.org\/PostalAddress\">N\/A<\/div><\/td><\/tr>\t\t\t<\/tbody>\n\t\t<\/table>\n\t<\/div>\n\t<\/div>\n<\/div>\n<p>&nbsp;<\/p>\n<p>Anschlie\u00dfend beginnt die Regular Season am 08. Juni.<\/p>\n<div class=\"sportspress sp-widget-align-justify\"><div class=\"sp-template sp-template-event-list\">\n\t\t<div class=\"sp-table-wrapper\">\n\t\t<table class=\"sp-event-list sp-event-list-format-title sp-data-table\n\t\t\t\t\t\t\t\t\t\t\t\t\t\t\t\t\t\t\t\t sp-paginated-table\n\t\t\t\t\t\t\t\t\t\t\t\t\t\t\t\t\t\t \t\t\t sp-sortable-table\n\t\t\t\t\t\t\t\t\t\t\t\t\t\t\t\t\t\t \t\t\t\t\t\t\t\t\t\t\t\t\t sp-scrollable-table \" data-sp-rows=\"10\">\n\t\t\t<thead>\n\t\t\t\t<tr>\n\t\t\t\t\t<th class=\"data-date\">Datum<\/th><th class=\"data-event\">Match<\/th><th class=\"data-time\">Zeit\/Ergebnisse<\/th><th style=\"display:none;\" class=\"data-venue\">Ground<\/th>\t\t\t\t<\/tr>\n\t\t\t<\/thead>\n\t\t\t<tbody>\n\t\t\t\t<tr class=\"sp-row sp-post alternate sp-row-no-0\" itemscope itemtype=\"http:\/\/schema.org\/SportsEvent\"><td class=\"data-date\" itemprop=\"startDate\" content=\"2022-07-16T00:00:00+00:00\" data-label=\"Datum\"><a href=\"http:\/\/nsl.drenai.net\/?sp_event=2158\" itemprop=\"url\"><date>2022-07-16 00:00:00<\/date>Juli 16, 2022<\/a><\/td><td class=\"data-event\" data-label=\"Match\"><a href=\"http:\/\/nsl.drenai.net\/?sp_event=2158\"> Puerto Diamonds \u2014 Vigor Church Revolution<\/a><\/td><td class=\"data-time \" data-label=\"Zeit\/Ergebnisse\"><a href=\"http:\/\/nsl.drenai.net\/?sp_event=2158\" itemprop=\"url\">2 - 1<\/a><\/td><td style=\"display:none;\" class=\"data-venue\" data-label=\"Ground\" itemprop=\"location\" itemscope itemtype=\"http:\/\/schema.org\/Place\"><div itemprop=\"address\" itemscope itemtype=\"http:\/\/schema.org\/PostalAddress\">N\/A<\/div><\/td><\/tr><tr class=\"sp-row sp-post sp-row-no-1\" itemscope itemtype=\"http:\/\/schema.org\/SportsEvent\"><td class=\"data-date\" itemprop=\"startDate\" content=\"2022-07-16T00:00:00+00:00\" data-label=\"Datum\"><a href=\"http:\/\/nsl.drenai.net\/?sp_event=2159\" itemprop=\"url\"><date>2022-07-16 00:00:00<\/date>Juli 16, 2022<\/a><\/td><td class=\"data-event\" data-label=\"Match\"><a href=\"http:\/\/nsl.drenai.net\/?sp_event=2159\"> Liaoning Wizards \u2014 Cedar Creek Kings<\/a><\/td><td class=\"data-time \" data-label=\"Zeit\/Ergebnisse\"><a href=\"http:\/\/nsl.drenai.net\/?sp_event=2159\" itemprop=\"url\">1 - 2<\/a><\/td><td style=\"display:none;\" class=\"data-venue\" data-label=\"Ground\" itemprop=\"location\" itemscope itemtype=\"http:\/\/schema.org\/Place\"><div itemprop=\"address\" itemscope itemtype=\"http:\/\/schema.org\/PostalAddress\">N\/A<\/div><\/td><\/tr><tr class=\"sp-row sp-post alternate sp-row-no-2\" itemscope itemtype=\"http:\/\/schema.org\/SportsEvent\"><td class=\"data-date\" itemprop=\"startDate\" content=\"2022-07-16T00:00:00+00:00\" data-label=\"Datum\"><a href=\"http:\/\/nsl.drenai.net\/?sp_event=2160\" itemprop=\"url\"><date>2022-07-16 00:00:00<\/date>Juli 16, 2022<\/a><\/td><td class=\"data-event\" data-label=\"Match\"><a href=\"http:\/\/nsl.drenai.net\/?sp_event=2160\"> Astoria City Rapids \u2014 Red Beach Islanders<\/a><\/td><td class=\"data-time \" data-label=\"Zeit\/Ergebnisse\"><a href=\"http:\/\/nsl.drenai.net\/?sp_event=2160\" itemprop=\"url\">3 - 2<\/a><\/td><td style=\"display:none;\" class=\"data-venue\" data-label=\"Ground\" itemprop=\"location\" itemscope itemtype=\"http:\/\/schema.org\/Place\"><div itemprop=\"address\" itemscope itemtype=\"http:\/\/schema.org\/PostalAddress\">N\/A<\/div><\/td><\/tr><tr class=\"sp-row sp-post sp-row-no-3\" itemscope itemtype=\"http:\/\/schema.org\/SportsEvent\"><td class=\"data-date\" itemprop=\"startDate\" content=\"2022-07-16T00:00:00+00:00\" data-label=\"Datum\"><a href=\"http:\/\/nsl.drenai.net\/?sp_event=2189\" itemprop=\"url\"><date>2022-07-16 00:00:00<\/date>Juli 16, 2022<\/a><\/td><td class=\"data-event\" data-label=\"Match\"><a href=\"http:\/\/nsl.drenai.net\/?sp_event=2189\"> Lakefield Barons \u2014 Xij-An Nitros<\/a><\/td><td class=\"data-time \" data-label=\"Zeit\/Ergebnisse\"><a href=\"http:\/\/nsl.drenai.net\/?sp_event=2189\" itemprop=\"url\">2 - 0<\/a><\/td><td style=\"display:none;\" class=\"data-venue\" data-label=\"Ground\" itemprop=\"location\" itemscope itemtype=\"http:\/\/schema.org\/Place\"><div itemprop=\"address\" itemscope itemtype=\"http:\/\/schema.org\/PostalAddress\">N\/A<\/div><\/td><\/tr><tr class=\"sp-row sp-post alternate sp-row-no-4\" itemscope itemtype=\"http:\/\/schema.org\/SportsEvent\"><td class=\"data-date\" itemprop=\"startDate\" content=\"2022-07-16T00:00:00+00:00\" data-label=\"Datum\"><a href=\"http:\/\/nsl.drenai.net\/?sp_event=2190\" itemprop=\"url\"><date>2022-07-16 00:00:00<\/date>Juli 16, 2022<\/a><\/td><td class=\"data-event\" data-label=\"Match\"><a href=\"http:\/\/nsl.drenai.net\/?sp_event=2190\"> Gareth Scorpions \u2014 Castle Rock Sharks<\/a><\/td><td class=\"data-time \" data-label=\"Zeit\/Ergebnisse\"><a href=\"http:\/\/nsl.drenai.net\/?sp_event=2190\" itemprop=\"url\">1 - 3<\/a><\/td><td style=\"display:none;\" class=\"data-venue\" data-label=\"Ground\" itemprop=\"location\" itemscope itemtype=\"http:\/\/schema.org\/Place\"><div itemprop=\"address\" itemscope itemtype=\"http:\/\/schema.org\/PostalAddress\">N\/A<\/div><\/td><\/tr><tr class=\"sp-row sp-post sp-row-no-5\" itemscope itemtype=\"http:\/\/schema.org\/SportsEvent\"><td class=\"data-date\" itemprop=\"startDate\" content=\"2022-07-16T00:00:00+00:00\" data-label=\"Datum\"><a href=\"http:\/\/nsl.drenai.net\/?sp_event=2191\" itemprop=\"url\"><date>2022-07-16 00:00:00<\/date>Juli 16, 2022<\/a><\/td><td class=\"data-event\" data-label=\"Match\"><a href=\"http:\/\/nsl.drenai.net\/?sp_event=2191\"> Alcantara Wolves \u2014 El Conjunto Longhorns<\/a><\/td><td class=\"data-time \" data-label=\"Zeit\/Ergebnisse\"><a href=\"http:\/\/nsl.drenai.net\/?sp_event=2191\" itemprop=\"url\">2 - 3<\/a><\/td><td style=\"display:none;\" class=\"data-venue\" data-label=\"Ground\" itemprop=\"location\" itemscope itemtype=\"http:\/\/schema.org\/Place\"><div itemprop=\"address\" itemscope itemtype=\"http:\/\/schema.org\/PostalAddress\">N\/A<\/div><\/td><\/tr><tr class=\"sp-row sp-post alternate sp-row-no-6\" itemscope itemtype=\"http:\/\/schema.org\/SportsEvent\"><td class=\"data-date\" itemprop=\"startDate\" content=\"2022-07-16T00:00:00+00:00\" data-label=\"Datum\"><a href=\"http:\/\/nsl.drenai.net\/?sp_event=2220\" itemprop=\"url\"><date>2022-07-16 00:00:00<\/date>Juli 16, 2022<\/a><\/td><td class=\"data-event\" data-label=\"Match\"><a href=\"http:\/\/nsl.drenai.net\/?sp_event=2220\"> Santa Clara Towers \u2014 Freeport Mariners<\/a><\/td><td class=\"data-time \" data-label=\"Zeit\/Ergebnisse\"><a href=\"http:\/\/nsl.drenai.net\/?sp_event=2220\" itemprop=\"url\">1 - 2<\/a><\/td><td style=\"display:none;\" class=\"data-venue\" data-label=\"Ground\" itemprop=\"location\" itemscope itemtype=\"http:\/\/schema.org\/Place\"><div itemprop=\"address\" itemscope itemtype=\"http:\/\/schema.org\/PostalAddress\">N\/A<\/div><\/td><\/tr><tr class=\"sp-row sp-post sp-row-no-7\" itemscope itemtype=\"http:\/\/schema.org\/SportsEvent\"><td class=\"data-date\" itemprop=\"startDate\" content=\"2022-07-16T00:00:00+00:00\" data-label=\"Datum\"><a href=\"http:\/\/nsl.drenai.net\/?sp_event=2221\" itemprop=\"url\"><date>2022-07-16 00:00:00<\/date>Juli 16, 2022<\/a><\/td><td class=\"data-event\" data-label=\"Match\"><a href=\"http:\/\/nsl.drenai.net\/?sp_event=2221\"> Hong Nam Energy \u2014 Kamana Cobras<\/a><\/td><td class=\"data-time \" data-label=\"Zeit\/Ergebnisse\"><a href=\"http:\/\/nsl.drenai.net\/?sp_event=2221\" itemprop=\"url\">2 - 2<\/a><\/td><td style=\"display:none;\" class=\"data-venue\" data-label=\"Ground\" itemprop=\"location\" itemscope itemtype=\"http:\/\/schema.org\/Place\"><div itemprop=\"address\" itemscope itemtype=\"http:\/\/schema.org\/PostalAddress\">N\/A<\/div><\/td><\/tr><tr class=\"sp-row sp-post alternate sp-row-no-8\" itemscope itemtype=\"http:\/\/schema.org\/SportsEvent\"><td class=\"data-date\" itemprop=\"startDate\" content=\"2022-07-16T00:00:00+00:00\" data-label=\"Datum\"><a href=\"http:\/\/nsl.drenai.net\/?sp_event=2222\" itemprop=\"url\"><date>2022-07-16 00:00:00<\/date>Juli 16, 2022<\/a><\/td><td class=\"data-event\" data-label=\"Match\"><a href=\"http:\/\/nsl.drenai.net\/?sp_event=2222\"> Williamsburg Hurricanes \u2014 Massena United<\/a><\/td><td class=\"data-time \" data-label=\"Zeit\/Ergebnisse\"><a href=\"http:\/\/nsl.drenai.net\/?sp_event=2222\" itemprop=\"url\">2 - 2<\/a><\/td><td style=\"display:none;\" class=\"data-venue\" data-label=\"Ground\" itemprop=\"location\" itemscope itemtype=\"http:\/\/schema.org\/Place\"><div itemprop=\"address\" itemscope itemtype=\"http:\/\/schema.org\/PostalAddress\">N\/A<\/div><\/td><\/tr>\t\t\t<\/tbody>\n\t\t<\/table>\n\t<\/div>\n\t<div class=\"sp-calendar-link sp-view-all-link\"><a href=\"http:\/\/nsl.drenai.net\/?sp_calendar=2226\">View all matches<\/a><\/div><\/div>\n<\/div>\n<p>Nach zehn Spieltagen wird die Regular Season am 16. Juli beendet sein.<\/p>\n<p>Insgesamt ziehen die jeweils drei besten jeder Division in die Championship Season, der Post Season ein. Wobei die Division-Sieger, Runner Ups und der beste dritte Platz direkt qualifiziert sind. Die beiden \u00fcbrigen dritten Pl\u00e4tze m\u00fcssen in Play Off-Spielen den letzten Teilnehmer ausspielen.<\/p>\n<h2>Arthur-Pember-trophy<\/h2>\n<div class=\"sportspress sp-widget-align-justify\"><div class=\"sp-template sp-template-league-table\">\n\t<div class=\"sp-table-wrapper\"><table class=\"sp-league-table sp-league-table-2231 sp-data-table sp-sortable-table sp-scrollable-table sp-paginated-table\" data-sp-rows=\"10\"><thead><tr><th class=\"data-rank\">Pos.<\/th><th class=\"data-name\">Club<\/th><th class=\"data-sp\">Sp<\/th><th class=\"data-pkt\">Pkt<\/th><th class=\"data-u\">U<\/th><th class=\"data-n\">N<\/th><th class=\"data-gt\">GT<\/th><\/tr><\/thead><tbody><tr class=\"odd sp-row-no-0\"><td class=\"data-rank\" data-label=\"Pos.\">1<\/td><td class=\"data-name\" data-label=\"Club\">Hong Nam Energy<\/td><td class=\"data-sp\" data-label=\"Sp\">10<\/td><td class=\"data-pkt\" data-label=\"Pkt\">19<\/td><td class=\"data-u\" data-label=\"U\">4<\/td><td class=\"data-n\" data-label=\"N\">1<\/td><td class=\"data-gt\" data-label=\"GT\">9<\/td><\/tr><tr class=\"even sp-row-no-1\"><td class=\"data-rank\" data-label=\"Pos.\">2<\/td><td class=\"data-name\" data-label=\"Club\">Massena United<\/td><td class=\"data-sp\" data-label=\"Sp\">10<\/td><td class=\"data-pkt\" data-label=\"Pkt\">18<\/td><td class=\"data-u\" data-label=\"U\">3<\/td><td class=\"data-n\" data-label=\"N\">2<\/td><td class=\"data-gt\" data-label=\"GT\">18<\/td><\/tr><tr class=\"odd sp-row-no-2\"><td class=\"data-rank\" data-label=\"Pos.\">3<\/td><td class=\"data-name\" data-label=\"Club\">Castle Rock Sharks<\/td><td class=\"data-sp\" data-label=\"Sp\">10<\/td><td class=\"data-pkt\" data-label=\"Pkt\">17<\/td><td class=\"data-u\" data-label=\"U\">2<\/td><td class=\"data-n\" data-label=\"N\">3<\/td><td class=\"data-gt\" data-label=\"GT\">12<\/td><\/tr><\/tbody><\/table><\/div><div class=\"sp-league-table-link sp-view-all-link\"><a href=\"http:\/\/nsl.drenai.net\/?sp_table=arthur-pember-trophy-2022\">Vollst\u00e4ndige Tabelle ansehen<\/a><\/div><\/div>\n<\/div>\n<p>Nach den Play Offs, stehen die acht Teams f\u00fcr die Championship Season fest. Die Teams spielen jeweils zwei Mal gegen jedes andere Team. So wird die Post Season nach 14 Spieltagen mit insgesamt 56 Spielen beendet sein und einen neuen Meister k\u00fcren.<\/p>\n<div class=\"sportspress sp-widget-align-justify\"><div class=\"sp-template sp-template-event-list\">\n\t\t<div class=\"sp-table-wrapper\">\n\t\t<table class=\"sp-event-list sp-event-list-format-title sp-data-table\n\t\t\t\t\t\t\t\t\t\t\t\t\t\t\t\t\t\t\t\t sp-paginated-table\n\t\t\t\t\t\t\t\t\t\t\t\t\t\t\t\t\t\t \t\t\t sp-sortable-table\n\t\t\t\t\t\t\t\t\t\t\t\t\t\t\t\t\t\t \t\t\t\t\t\t\t\t\t\t\t\t\t sp-scrollable-table \" data-sp-rows=\"10\">\n\t\t\t<thead>\n\t\t\t\t<tr>\n\t\t\t\t\t<th class=\"data-date\">Datum<\/th><th class=\"data-event\">Match<\/th><th class=\"data-time\">Zeit\/Ergebnisse<\/th><th style=\"display:none;\" class=\"data-venue\">Ground<\/th>\t\t\t\t<\/tr>\n\t\t\t<\/thead>\n\t\t\t<tbody>\n\t\t\t\t<tr class=\"sp-row sp-post alternate sp-row-no-0\" itemscope itemtype=\"http:\/\/schema.org\/SportsEvent\"><td class=\"data-date\" itemprop=\"startDate\" content=\"2022-07-23T07:07:57+00:00\" data-label=\"Datum\"><a href=\"http:\/\/nsl.drenai.net\/?sp_event=liaoning-wizards-kamana-cobras\" itemprop=\"url\"><date>2022-07-23 07:07:57<\/date>Juli 23, 2022<\/a><\/td><td class=\"data-event\" data-label=\"Match\"><a href=\"http:\/\/nsl.drenai.net\/?sp_event=liaoning-wizards-kamana-cobras\"> Liaoning Wizards \u2014 Kamana Cobras<\/a><\/td><td class=\"data-time ok\" data-label=\"Zeit\/Ergebnisse\"><a href=\"http:\/\/nsl.drenai.net\/?sp_event=liaoning-wizards-kamana-cobras\" itemprop=\"url\">3 - 0<\/a><\/td><td style=\"display:none;\" class=\"data-venue\" data-label=\"Ground\" itemprop=\"location\" itemscope itemtype=\"http:\/\/schema.org\/Place\"><div itemprop=\"address\" itemscope itemtype=\"http:\/\/schema.org\/PostalAddress\">N\/A<\/div><\/td><\/tr><tr class=\"sp-row sp-post sp-row-no-1\" itemscope itemtype=\"http:\/\/schema.org\/SportsEvent\"><td class=\"data-date\" itemprop=\"startDate\" content=\"2022-07-20T07:05:38+00:00\" data-label=\"Datum\"><a href=\"http:\/\/nsl.drenai.net\/?sp_event=kamana-cobras-liaoning-wizards\" itemprop=\"url\"><date>2022-07-20 07:05:38<\/date>Juli 20, 2022<\/a><\/td><td class=\"data-event\" data-label=\"Match\"><a href=\"http:\/\/nsl.drenai.net\/?sp_event=kamana-cobras-liaoning-wizards\"> Kamana Cobras \u2014 Liaoning Wizards<\/a><\/td><td class=\"data-time ok\" data-label=\"Zeit\/Ergebnisse\"><a href=\"http:\/\/nsl.drenai.net\/?sp_event=kamana-cobras-liaoning-wizards\" itemprop=\"url\">1 - 2<\/a><\/td><td style=\"display:none;\" class=\"data-venue\" data-label=\"Ground\" itemprop=\"location\" itemscope itemtype=\"http:\/\/schema.org\/Place\"><div itemprop=\"address\" itemscope itemtype=\"http:\/\/schema.org\/PostalAddress\">N\/A<\/div><\/td><\/tr>\t\t\t<\/tbody>\n\t\t<\/table>\n\t<\/div>\n\t<div class=\"sp-calendar-link sp-view-all-link\"><a href=\"http:\/\/nsl.drenai.net\/?sp_calendar=play-offs-2022\">View all matches<\/a><\/div><\/div>\n<\/div>\n<p>Die 9. Championship Season beginnt am 30. Juli und wird am 24. September enden.<\/p>\n<div class=\"sportspress sp-widget-align-justify\"><div class=\"sp-template sp-template-league-table\">\n\t<div class=\"sp-table-wrapper\"><table class=\"sp-league-table sp-league-table-2237 sp-data-table sp-sortable-table sp-scrollable-table sp-paginated-table\" data-sp-rows=\"10\"><thead><tr><th class=\"data-rank\">Pos.<\/th><th class=\"data-name\">Club<\/th><th class=\"data-sp\">Sp<\/th><th class=\"data-pkt\">Pkt<\/th><th class=\"data-u\">U<\/th><th class=\"data-n\">N<\/th><th class=\"data-gt\">GT<\/th><\/tr><\/thead><tbody><tr class=\"odd sp-row-no-0\"><td class=\"data-rank\" data-label=\"Pos.\">1<\/td><td class=\"data-name\" data-label=\"Club\">Cedar Creek Kings<\/td><td class=\"data-sp\" data-label=\"Sp\">14<\/td><td class=\"data-pkt\" data-label=\"Pkt\">26<\/td><td class=\"data-u\" data-label=\"U\">2<\/td><td class=\"data-n\" data-label=\"N\">4<\/td><td class=\"data-gt\" data-label=\"GT\">17<\/td><\/tr><tr class=\"even sp-row-no-1\"><td class=\"data-rank\" data-label=\"Pos.\">2<\/td><td class=\"data-name\" data-label=\"Club\">Gareth Scorpions<\/td><td class=\"data-sp\" data-label=\"Sp\">14<\/td><td class=\"data-pkt\" data-label=\"Pkt\">24<\/td><td class=\"data-u\" data-label=\"U\">3<\/td><td class=\"data-n\" data-label=\"N\">4<\/td><td class=\"data-gt\" data-label=\"GT\">22<\/td><\/tr><tr class=\"odd sp-row-no-2\"><td class=\"data-rank\" data-label=\"Pos.\">3<\/td><td class=\"data-name\" data-label=\"Club\">Lakefield Barons<\/td><td class=\"data-sp\" data-label=\"Sp\">14<\/td><td class=\"data-pkt\" data-label=\"Pkt\">21<\/td><td class=\"data-u\" data-label=\"U\">3<\/td><td class=\"data-n\" data-label=\"N\">5<\/td><td class=\"data-gt\" data-label=\"GT\">24<\/td><\/tr><tr class=\"even sp-row-no-3\"><td class=\"data-rank\" data-label=\"Pos.\">4<\/td><td class=\"data-name\" data-label=\"Club\">Liaoning Wizards<\/td><td class=\"data-sp\" data-label=\"Sp\">14<\/td><td class=\"data-pkt\" data-label=\"Pkt\">21<\/td><td class=\"data-u\" data-label=\"U\">6<\/td><td class=\"data-n\" data-label=\"N\">3<\/td><td class=\"data-gt\" data-label=\"GT\">22<\/td><\/tr><tr class=\"odd sp-row-no-4\"><td class=\"data-rank\" data-label=\"Pos.\">5<\/td><td class=\"data-name\" data-label=\"Club\">Massena United<\/td><td class=\"data-sp\" data-label=\"Sp\">14<\/td><td class=\"data-pkt\" data-label=\"Pkt\">18<\/td><td class=\"data-u\" data-label=\"U\">6<\/td><td class=\"data-n\" data-label=\"N\">4<\/td><td class=\"data-gt\" data-label=\"GT\">21<\/td><\/tr><tr class=\"even sp-row-no-5\"><td class=\"data-rank\" data-label=\"Pos.\">6<\/td><td class=\"data-name\" data-label=\"Club\">Hong Nam Energy<\/td><td class=\"data-sp\" data-label=\"Sp\">14<\/td><td class=\"data-pkt\" data-label=\"Pkt\">18<\/td><td class=\"data-u\" data-label=\"U\">3<\/td><td class=\"data-n\" data-label=\"N\">6<\/td><td class=\"data-gt\" data-label=\"GT\">26<\/td><\/tr><tr class=\"odd sp-row-no-6\"><td class=\"data-rank\" data-label=\"Pos.\">7<\/td><td class=\"data-name\" data-label=\"Club\">Astoria City Rapids<\/td><td class=\"data-sp\" data-label=\"Sp\">14<\/td><td class=\"data-pkt\" data-label=\"Pkt\">17<\/td><td class=\"data-u\" data-label=\"U\">5<\/td><td class=\"data-n\" data-label=\"N\">5<\/td><td class=\"data-gt\" data-label=\"GT\">24<\/td><\/tr><tr class=\"even sp-row-no-7\"><td class=\"data-rank\" data-label=\"Pos.\">8<\/td><td class=\"data-name\" data-label=\"Club\">Castle Rock Sharks<\/td><td class=\"data-sp\" data-label=\"Sp\">14<\/td><td class=\"data-pkt\" data-label=\"Pkt\">9<\/td><td class=\"data-u\" data-label=\"U\">0<\/td><td class=\"data-n\" data-label=\"N\">11<\/td><td class=\"data-gt\" data-label=\"GT\">33<\/td><\/tr><\/tbody><\/table><\/div><\/div>\n<\/div>\n<p>&nbsp;<\/p>\n","protected":false},"excerpt":{"rendered":"<p>Die neunte Saison startet am 27. Mai mit dem Serena Friendship-Game in der Pre-Season, den NSL Cups, die dann mit den Finalspielen vom 02. bis zum 04. Juni endeten. NSL-Cups &nbsp; Anschlie\u00dfend beginnt die Regular Season am 08. Juni. Nach zehn Spieltagen wird die Regular Season am 16. Juli beendet sein. Insgesamt ziehen die jeweils [&hellip;]<\/p>\n","protected":false},"author":1,"featured_media":0,"parent":0,"menu_order":0,"comment_status":"closed","ping_status":"closed","template":"","meta":{"footnotes":""},"class_list":["post-2243","page","type-page","status-publish","hentry"],"_links":{"self":[{"href":"http:\/\/nsl.drenai.net\/index.php?rest_route=\/wp\/v2\/pages\/2243","targetHints":{"allow":["GET"]}}],"collection":[{"href":"http:\/\/nsl.drenai.net\/index.php?rest_route=\/wp\/v2\/pages"}],"about":[{"href":"http:\/\/nsl.drenai.net\/index.php?rest_route=\/wp\/v2\/types\/page"}],"author":[{"embeddable":true,"href":"http:\/\/nsl.drenai.net\/index.php?rest_route=\/wp\/v2\/users\/1"}],"replies":[{"embeddable":true,"href":"http:\/\/nsl.drenai.net\/index.php?rest_route=%2Fwp%2Fv2%2Fcomments&post=2243"}],"version-history":[{"count":3,"href":"http:\/\/nsl.drenai.net\/index.php?rest_route=\/wp\/v2\/pages\/2243\/revisions"}],"predecessor-version":[{"id":2276,"href":"http:\/\/nsl.drenai.net\/index.php?rest_route=\/wp\/v2\/pages\/2243\/revisions\/2276"}],"wp:attachment":[{"href":"http:\/\/nsl.drenai.net\/index.php?rest_route=%2Fwp%2Fv2%2Fmedia&parent=2243"}],"curies":[{"name":"wp","href":"https:\/\/api.w.org\/{rel}","templated":true}]}}