{"id":39,"date":"2020-02-22T09:04:06","date_gmt":"2020-02-22T09:04:06","guid":{"rendered":"http:\/\/nsl.drenai.net\/?page_id=39"},"modified":"2021-12-12T15:02:46","modified_gmt":"2021-12-12T15:02:46","slug":"historie","status":"publish","type":"page","link":"http:\/\/nsl.drenai.net\/?page_id=39","title":{"rendered":"Historie"},"content":{"rendered":"<p>Die <strong>N<\/strong>ational <strong>S<\/strong>occer <strong>L<\/strong>eague wurde 2014 mit 12 Teams gegr\u00fcndet. 2016 wurde die NSL um sechs weitere Teams erweitert. Die 18 Teams sind in drei Divisions aufgeteilt. Die Spiele innerhalb der Division bilden die Regular Season.<\/p>\n<p><img loading=\"lazy\" decoding=\"async\" class=\"alignnone wp-image-1129\" src=\"http:\/\/nsl.drenai.net\/wp-content\/uploads\/2020\/03\/NSL-Historie-300x180.jpg\" alt=\"\" width=\"715\" height=\"429\" srcset=\"http:\/\/nsl.drenai.net\/wp-content\/uploads\/2020\/03\/NSL-Historie-300x180.jpg 300w, http:\/\/nsl.drenai.net\/wp-content\/uploads\/2020\/03\/NSL-Historie-1024x614.jpg 1024w, http:\/\/nsl.drenai.net\/wp-content\/uploads\/2020\/03\/NSL-Historie-768x461.jpg 768w, http:\/\/nsl.drenai.net\/wp-content\/uploads\/2020\/03\/NSL-Historie-1536x922.jpg 1536w, http:\/\/nsl.drenai.net\/wp-content\/uploads\/2020\/03\/NSL-Historie-128x77.jpg 128w, http:\/\/nsl.drenai.net\/wp-content\/uploads\/2020\/03\/NSL-Historie-32x19.jpg 32w, http:\/\/nsl.drenai.net\/wp-content\/uploads\/2020\/03\/NSL-Historie.jpg 2000w\" sizes=\"auto, (max-width: 715px) 100vw, 715px\" \/><\/p>\n<p>Das jeweils beste Team erh\u00e4lt dann die Arthur-Pember-Trophy. Die Freeport Mariners haben bislang als einziges Team die Trophy zwei Mal (2014 und 2015) gewonnen.<\/p>\n<p>Die jeweils drei Besten der Division erreichen dann die Championship Season. Die jeweiligen erst- und zweitplatzierten und der beste Drittplatzierte sind allerdings direkt qualifiziert, w\u00e4hrend die beiden \u00fcbrigen Drittplatzierten in Play Off-Spielen den letzten Teilnehmer der Championship Season ausspielen m\u00fcssen.<\/p>\n<p>Seit 2019 gibt es auch eine Pre-Season, in denen sechs verschiedene Pokalwettbewerbe ausgetragen werden. Da die NSL nicht nach regionalen Gesichtspunkten gebildet worden ist, sind Derbys eine Seltenheit. Daher sind Pokalduelle mit Derby-Charakter gebildet worden.<\/p>\n<p>Seasons-\u00fcbergreifend haben die Mariners und die Sharks in ihrem 38. Spiel am 04. Juni 2016 gleichzeitig das 100. Tor erzielt. Die Sharks waren das erste Team in der NSL, welches Seasons-\u00fcbergreifend in ihrem 46. Spiel am 30. Juli 2016 ihren 100. Punkt machten.<\/p>\n<p>Die Towers sind das erste Team, welches in ihrem 131. Spiel am 12. Dezember 2020 das 250. Tor erzielte.<\/p>\n<h2>Top 10 der NSL<\/h2>\n<p>Nur Regular und Post-Season<\/p>\n<p><span style=\"display: inline !important; float: none; background-color: #ffffff; color: #333333; font-family: 'Lato',sans-serif; font-size: 16px; font-style: normal; font-variant: normal; font-weight: 400; letter-spacing: normal; orphans: 2; text-align: left; text-decoration: none; text-indent: 0px; text-transform: none; -webkit-text-stroke-width: 0px; white-space: normal; word-spacing: 0px;\"><div class=\"sportspress sp-widget-align-justify\"><div class=\"sp-template sp-template-league-table\">\n\t<div class=\"sp-table-wrapper\"><table class=\"sp-league-table sp-league-table-728 sp-data-table sp-sortable-table sp-scrollable-table sp-paginated-table\" data-sp-rows=\"10\"><thead><tr><th class=\"data-rank\">Pos.<\/th><th class=\"data-name\">Club<\/th><th class=\"data-sp\">Sp<\/th><th class=\"data-pkt\">Pkt<\/th><th class=\"data-w\">S<\/th><th class=\"data-u\">U<\/th><th class=\"data-n\">N<\/th><th class=\"data-f\">ET<\/th><th class=\"data-gt\">GT<\/th><th class=\"data-diff\">Diff.<\/th><\/tr><\/thead><tbody><tr class=\"odd sp-row-no-0\"><td class=\"data-rank\" data-label=\"Pos.\">1<\/td><td class=\"data-name\" data-label=\"Club\">Castle Rock Sharks<\/td><td class=\"data-sp\" data-label=\"Sp\">148<\/td><td class=\"data-pkt\" data-label=\"Pkt\">248<\/td><td class=\"data-w\" data-label=\"S\">72<\/td><td class=\"data-u\" data-label=\"U\">32<\/td><td class=\"data-n\" data-label=\"N\">44<\/td><td class=\"data-f\" data-label=\"ET\">283<\/td><td class=\"data-gt\" data-label=\"GT\">217<\/td><td class=\"data-diff\" data-label=\"Diff.\">66<\/td><\/tr><tr class=\"even sp-row-no-1\"><td class=\"data-rank\" data-label=\"Pos.\">2<\/td><td class=\"data-name\" data-label=\"Club\">Freeport Mariners<\/td><td class=\"data-sp\" data-label=\"Sp\">148<\/td><td class=\"data-pkt\" data-label=\"Pkt\">240<\/td><td class=\"data-w\" data-label=\"S\">70<\/td><td class=\"data-u\" data-label=\"U\">30<\/td><td class=\"data-n\" data-label=\"N\">48<\/td><td class=\"data-f\" data-label=\"ET\">272<\/td><td class=\"data-gt\" data-label=\"GT\">219<\/td><td class=\"data-diff\" data-label=\"Diff.\">53<\/td><\/tr><tr class=\"odd sp-row-no-2\"><td class=\"data-rank\" data-label=\"Pos.\">3<\/td><td class=\"data-name\" data-label=\"Club\">Gareth Scorpions<\/td><td class=\"data-sp\" data-label=\"Sp\">144<\/td><td class=\"data-pkt\" data-label=\"Pkt\">234<\/td><td class=\"data-w\" data-label=\"S\">67<\/td><td class=\"data-u\" data-label=\"U\">33<\/td><td class=\"data-n\" data-label=\"N\">44<\/td><td class=\"data-f\" data-label=\"ET\">243<\/td><td class=\"data-gt\" data-label=\"GT\">192<\/td><td class=\"data-diff\" data-label=\"Diff.\">51<\/td><\/tr><tr class=\"even sp-row-no-3\"><td class=\"data-rank\" data-label=\"Pos.\">4<\/td><td class=\"data-name\" data-label=\"Club\">Santa Clara Towers<\/td><td class=\"data-sp\" data-label=\"Sp\">156<\/td><td class=\"data-pkt\" data-label=\"Pkt\">231<\/td><td class=\"data-w\" data-label=\"S\">62<\/td><td class=\"data-u\" data-label=\"U\">45<\/td><td class=\"data-n\" data-label=\"N\">49<\/td><td class=\"data-f\" data-label=\"ET\">285<\/td><td class=\"data-gt\" data-label=\"GT\">252<\/td><td class=\"data-diff\" data-label=\"Diff.\">33<\/td><\/tr><tr class=\"odd sp-row-no-4\"><td class=\"data-rank\" data-label=\"Pos.\">5<\/td><td class=\"data-name\" data-label=\"Club\">Red Beach Islanders<\/td><td class=\"data-sp\" data-label=\"Sp\">134<\/td><td class=\"data-pkt\" data-label=\"Pkt\">202<\/td><td class=\"data-w\" data-label=\"S\">56<\/td><td class=\"data-u\" data-label=\"U\">34<\/td><td class=\"data-n\" data-label=\"N\">44<\/td><td class=\"data-f\" data-label=\"ET\">227<\/td><td class=\"data-gt\" data-label=\"GT\">201<\/td><td class=\"data-diff\" data-label=\"Diff.\">26<\/td><\/tr><tr class=\"even sp-row-no-5\"><td class=\"data-rank\" data-label=\"Pos.\">6<\/td><td class=\"data-name\" data-label=\"Club\">Liaoning Wizards<\/td><td class=\"data-sp\" data-label=\"Sp\">132<\/td><td class=\"data-pkt\" data-label=\"Pkt\">196<\/td><td class=\"data-w\" data-label=\"S\">54<\/td><td class=\"data-u\" data-label=\"U\">34<\/td><td class=\"data-n\" data-label=\"N\">44<\/td><td class=\"data-f\" data-label=\"ET\">207<\/td><td class=\"data-gt\" data-label=\"GT\">185<\/td><td class=\"data-diff\" data-label=\"Diff.\">22<\/td><\/tr><tr class=\"odd sp-row-no-6\"><td class=\"data-rank\" data-label=\"Pos.\">7<\/td><td class=\"data-name\" data-label=\"Club\">Xij-An Nitros<\/td><td class=\"data-sp\" data-label=\"Sp\">118<\/td><td class=\"data-pkt\" data-label=\"Pkt\">174<\/td><td class=\"data-w\" data-label=\"S\">50<\/td><td class=\"data-u\" data-label=\"U\">24<\/td><td class=\"data-n\" data-label=\"N\">44<\/td><td class=\"data-f\" data-label=\"ET\">189<\/td><td class=\"data-gt\" data-label=\"GT\">192<\/td><td class=\"data-diff\" data-label=\"Diff.\">-3<\/td><\/tr><tr class=\"even sp-row-no-7\"><td class=\"data-rank\" data-label=\"Pos.\">8<\/td><td class=\"data-name\" data-label=\"Club\">Astoria City Rapids<\/td><td class=\"data-sp\" data-label=\"Sp\">124<\/td><td class=\"data-pkt\" data-label=\"Pkt\">159<\/td><td class=\"data-w\" data-label=\"S\">43<\/td><td class=\"data-u\" data-label=\"U\">30<\/td><td class=\"data-n\" data-label=\"N\">51<\/td><td class=\"data-f\" data-label=\"ET\">194<\/td><td class=\"data-gt\" data-label=\"GT\">198<\/td><td class=\"data-diff\" data-label=\"Diff.\">-4<\/td><\/tr><tr class=\"odd sp-row-no-8\"><td class=\"data-rank\" data-label=\"Pos.\">9<\/td><td class=\"data-name\" data-label=\"Club\">Lakefield Barons<\/td><td class=\"data-sp\" data-label=\"Sp\">102<\/td><td class=\"data-pkt\" data-label=\"Pkt\">150<\/td><td class=\"data-w\" data-label=\"S\">42<\/td><td class=\"data-u\" data-label=\"U\">24<\/td><td class=\"data-n\" data-label=\"N\">36<\/td><td class=\"data-f\" data-label=\"ET\">151<\/td><td class=\"data-gt\" data-label=\"GT\">151<\/td><td class=\"data-diff\" data-label=\"Diff.\">0<\/td><\/tr><tr class=\"even sp-row-no-9\"><td class=\"data-rank\" data-label=\"Pos.\">10<\/td><td class=\"data-name\" data-label=\"Club\">Puerto Diamonds<\/td><td class=\"data-sp\" data-label=\"Sp\">104<\/td><td class=\"data-pkt\" data-label=\"Pkt\">137<\/td><td class=\"data-w\" data-label=\"S\">37<\/td><td class=\"data-u\" data-label=\"U\">26<\/td><td class=\"data-n\" data-label=\"N\">41<\/td><td class=\"data-f\" data-label=\"ET\">140<\/td><td class=\"data-gt\" data-label=\"GT\">157<\/td><td class=\"data-diff\" data-label=\"Diff.\">-17<\/td><\/tr><\/tbody><\/table><\/div><div class=\"sp-league-table-link sp-view-all-link\"><a href=\"http:\/\/nsl.drenai.net\/?sp_table=national-soccer-league\">Vollst\u00e4ndige Tabelle ansehen<\/a><\/div><\/div>\n<\/div><\/span><\/p>\n<p><em>Seite 2021, wie bereits 2015 und 2017 bis 2018 sind die Castle Rock Sharks an der Spitze. 2019 und 2020 waren die Gareth Scorpions das beste Team der National Soccer League. Davor (2014 und 2016) waren die Freeport Mariners das beste Team.<\/p>\n<p><\/em><\/p>\n<p>&nbsp;<\/p>\n","protected":false},"excerpt":{"rendered":"<p>Die National Soccer League wurde 2014 mit 12 Teams gegr\u00fcndet. 2016 wurde die NSL um sechs weitere Teams erweitert. Die 18 Teams sind in drei Divisions aufgeteilt. Die Spiele innerhalb der Division bilden die Regular Season. Das jeweils beste Team erh\u00e4lt dann die Arthur-Pember-Trophy. Die Freeport Mariners haben bislang als einziges Team die Trophy zwei [&hellip;]<\/p>\n","protected":false},"author":1,"featured_media":0,"parent":0,"menu_order":0,"comment_status":"closed","ping_status":"closed","template":"","meta":{"footnotes":""},"class_list":["post-39","page","type-page","status-publish","hentry"],"_links":{"self":[{"href":"http:\/\/nsl.drenai.net\/index.php?rest_route=\/wp\/v2\/pages\/39","targetHints":{"allow":["GET"]}}],"collection":[{"href":"http:\/\/nsl.drenai.net\/index.php?rest_route=\/wp\/v2\/pages"}],"about":[{"href":"http:\/\/nsl.drenai.net\/index.php?rest_route=\/wp\/v2\/types\/page"}],"author":[{"embeddable":true,"href":"http:\/\/nsl.drenai.net\/index.php?rest_route=\/wp\/v2\/users\/1"}],"replies":[{"embeddable":true,"href":"http:\/\/nsl.drenai.net\/index.php?rest_route=%2Fwp%2Fv2%2Fcomments&post=39"}],"version-history":[{"count":15,"href":"http:\/\/nsl.drenai.net\/index.php?rest_route=\/wp\/v2\/pages\/39\/revisions"}],"predecessor-version":[{"id":2105,"href":"http:\/\/nsl.drenai.net\/index.php?rest_route=\/wp\/v2\/pages\/39\/revisions\/2105"}],"wp:attachment":[{"href":"http:\/\/nsl.drenai.net\/index.php?rest_route=%2Fwp%2Fv2%2Fmedia&parent=39"}],"curies":[{"name":"wp","href":"https:\/\/api.w.org\/{rel}","templated":true}]}}