{"id":43,"date":"2020-02-22T09:04:06","date_gmt":"2020-02-22T09:04:06","guid":{"rendered":"http:\/\/nsl.drenai.net\/?page_id=43"},"modified":"2020-03-19T14:44:38","modified_gmt":"2020-03-19T14:44:38","slug":"regular-season","status":"publish","type":"page","link":"http:\/\/nsl.drenai.net\/?page_id=43","title":{"rendered":"Regular Season"},"content":{"rendered":"<p>In den Divisions spielen die Mannschaften jeweils zwei Mal gegen jedes andere Team der eigenen Division.<\/p>\n<p>Nachdem also an zehn Spieltagen jeweils jedes Team der eigenen Division ein Mal empfangen und ein Mal besucht wurde, hat jedes Team zehn Spiele in der Division absolviert.<\/p>\n<p><strong>Spielplan<\/strong><\/p>\n<p>Die Spieltage finden &#8211; au\u00dferhalb der Crunch Time &#8211; immer am Wochenende und Mittwochs statt. Dabei spielt die NSL am Wochenende entweder am Samstag oder Sonntag. Findet zeitgleich die ASL statt, weicht die NSL auf den anderen Wochenendtag aus. Ansonsten ist Samstag der Spieltag.<\/p>\n<p><strong>Er\u00f6ffnungsspiel<\/strong><\/p>\n<p>Seit 2020 gibt es aber ein Er\u00f6ffnungsspiel, in welchem der Meister des Vorjahres zu Hause eine Mannschaft empf\u00e4ngt.<\/p>\n<p><strong>Crunch Time<\/strong><\/p>\n<p>Die Spieltage 8 bis 10 sind die \u201eCrunch Time\u201c. Der Zeitraum, in denen sich alles entscheidet. Die Spieltage der Crunch Time finden jeweils Samstag statt.<\/p>\n<p><strong>Qualifikation f\u00fcr die Championship Season<\/strong><\/p>\n<p>Die jeweiligen Champions und Zweitplatzierten sind direkt f\u00fcr die Championship Season qualifiziert. Der beste Drittplatzierte qualifiziert sich ebenso direkt f\u00fcr die Championship Season. Die \u00fcbrigen beiden Drittplatzierten spielen in den Play Offs gegeneinander.<\/p>\n<p>Die Championship Season beginnt am am Dienstag nach der Regular Season mit dem ersten Play Off-Spiel.<\/p>\n<p>Insgesamt gibt es in der Regular Season 90 Spiele.<\/p>\n<p>Der beste Champion erh\u00e4lt die Arthur-Pember-Trophy.<\/p>\n","protected":false},"excerpt":{"rendered":"<p>In den Divisions spielen die Mannschaften jeweils zwei Mal gegen jedes andere Team der eigenen Division. Nachdem also an zehn Spieltagen jeweils jedes Team der eigenen Division ein Mal empfangen und ein Mal besucht wurde, hat jedes Team zehn Spiele in der Division absolviert. Spielplan Die Spieltage finden &#8211; au\u00dferhalb der Crunch Time &#8211; immer [&hellip;]<\/p>\n","protected":false},"author":1,"featured_media":0,"parent":0,"menu_order":0,"comment_status":"closed","ping_status":"closed","template":"","meta":{"footnotes":""},"class_list":["post-43","page","type-page","status-publish","hentry"],"_links":{"self":[{"href":"http:\/\/nsl.drenai.net\/index.php?rest_route=\/wp\/v2\/pages\/43","targetHints":{"allow":["GET"]}}],"collection":[{"href":"http:\/\/nsl.drenai.net\/index.php?rest_route=\/wp\/v2\/pages"}],"about":[{"href":"http:\/\/nsl.drenai.net\/index.php?rest_route=\/wp\/v2\/types\/page"}],"author":[{"embeddable":true,"href":"http:\/\/nsl.drenai.net\/index.php?rest_route=\/wp\/v2\/users\/1"}],"replies":[{"embeddable":true,"href":"http:\/\/nsl.drenai.net\/index.php?rest_route=%2Fwp%2Fv2%2Fcomments&post=43"}],"version-history":[{"count":5,"href":"http:\/\/nsl.drenai.net\/index.php?rest_route=\/wp\/v2\/pages\/43\/revisions"}],"predecessor-version":[{"id":1148,"href":"http:\/\/nsl.drenai.net\/index.php?rest_route=\/wp\/v2\/pages\/43\/revisions\/1148"}],"wp:attachment":[{"href":"http:\/\/nsl.drenai.net\/index.php?rest_route=%2Fwp%2Fv2%2Fmedia&parent=43"}],"curies":[{"name":"wp","href":"https:\/\/api.w.org\/{rel}","templated":true}]}}