{"id":44,"date":"2020-02-22T09:04:06","date_gmt":"2020-02-22T09:04:06","guid":{"rendered":"http:\/\/nsl.drenai.net\/?page_id=44"},"modified":"2021-09-03T06:30:21","modified_gmt":"2021-09-03T06:30:21","slug":"post-season","status":"publish","type":"page","link":"http:\/\/nsl.drenai.net\/?page_id=44","title":{"rendered":"Post Season"},"content":{"rendered":"<p>Nach Ende der Division Season gibt es die Play Off-Begegnung zwischen den zweitbesten und drittbesten Drittplatzierten. Dabei spielen die beiden Teams in Hin- und R\u00fcckspielen gegeneinander. Seit 2017 hat das Team, welches besser abschneidet im Hinspiel Heimrecht, au\u00dfer es hatte bereits mehrmals Heimrecht als die gegnerische Mannschaft. Steht es im R\u00fcckspiel nach den Toren Unentschieden, folgt eine Verl\u00e4ngerung und anschlie\u00dfend ein Elfmeterschie\u00dfen. Die Spiele finden am Dienstag und Donnerstag nach der Regular Season statt. Der Sieger dieses Duells qualifiziert sich f\u00fcr die Championship Season.<\/p>\n<p>In der Championship Season treten die acht besten Teams der Division Season gegeneinander an. Der Spielplan wird so gestaltet, dass die drei Division Champions an den Spieltagen 5 bis 7 und 12 bis 14 gegeneinander spielen, wobei der Trophy-Sieger den zweitbesten Division-Champion am letzten Spieltag empf\u00e4ngt. Die Mannschaften spielen jeweils zwei Mal gegen jedes andere Team. Nachdem also an vierzehn Spieltagen jeweils jedes Team ein Mal empfangen und ein Mal besucht wurde, ist die Championship Season beendet.<\/p>\n<p>Die Spieltage finden &#8211; au\u00dferhalb der Crunch Time &#8211; immer Mittwochs und Samstags statt.<\/p>\n<p>Ab dem 11. bis zum 14. Spieltag finden die Spiele in der Crunch Time immer Samstags statt.<\/p>\n<p>Das beste Team der Championsip Season ist Meister der NSL.<\/p>\n<p>Mit den Play Offs umfasst die Post Season 56 Spiele.<\/p>\n","protected":false},"excerpt":{"rendered":"<p>Nach Ende der Division Season gibt es die Play Off-Begegnung zwischen den zweitbesten und drittbesten Drittplatzierten. Dabei spielen die beiden Teams in Hin- und R\u00fcckspielen gegeneinander. Seit 2017 hat das Team, welches besser abschneidet im Hinspiel Heimrecht, au\u00dfer es hatte bereits mehrmals Heimrecht als die gegnerische Mannschaft. Steht es im R\u00fcckspiel nach den Toren Unentschieden, [&hellip;]<\/p>\n","protected":false},"author":1,"featured_media":0,"parent":0,"menu_order":0,"comment_status":"closed","ping_status":"closed","template":"","meta":{"footnotes":""},"class_list":["post-44","page","type-page","status-publish","hentry"],"_links":{"self":[{"href":"http:\/\/nsl.drenai.net\/index.php?rest_route=\/wp\/v2\/pages\/44","targetHints":{"allow":["GET"]}}],"collection":[{"href":"http:\/\/nsl.drenai.net\/index.php?rest_route=\/wp\/v2\/pages"}],"about":[{"href":"http:\/\/nsl.drenai.net\/index.php?rest_route=\/wp\/v2\/types\/page"}],"author":[{"embeddable":true,"href":"http:\/\/nsl.drenai.net\/index.php?rest_route=\/wp\/v2\/users\/1"}],"replies":[{"embeddable":true,"href":"http:\/\/nsl.drenai.net\/index.php?rest_route=%2Fwp%2Fv2%2Fcomments&post=44"}],"version-history":[{"count":6,"href":"http:\/\/nsl.drenai.net\/index.php?rest_route=\/wp\/v2\/pages\/44\/revisions"}],"predecessor-version":[{"id":1992,"href":"http:\/\/nsl.drenai.net\/index.php?rest_route=\/wp\/v2\/pages\/44\/revisions\/1992"}],"wp:attachment":[{"href":"http:\/\/nsl.drenai.net\/index.php?rest_route=%2Fwp%2Fv2%2Fmedia&parent=44"}],"curies":[{"name":"wp","href":"https:\/\/api.w.org\/{rel}","templated":true}]}}