{"id":52,"date":"2020-02-22T09:04:06","date_gmt":"2020-02-22T09:04:06","guid":{"rendered":"http:\/\/nsl.drenai.net\/?page_id=52"},"modified":"2022-09-25T13:05:51","modified_gmt":"2022-09-25T13:05:51","slug":"peninsula-cup","status":"publish","type":"page","link":"http:\/\/nsl.drenai.net\/?page_id=52","title":{"rendered":"Peninsula Cup"},"content":{"rendered":"<p>Der Peninsula Cup ist ein NSL Cup, welcher zur Serena Series geh\u00f6rt. Neben dem Peninsula Cup, z\u00e4hlt auch der Chan Sen Cup und das Serena Game zur Serena Series.<\/p>\n<p>Teilnehmen k\u00f6nnen die Teams<\/p>\n<ul>\n<li>Freeport Mariners,<\/li>\n<li>Red Beach Islanders &amp;<\/li>\n<li>Santa Clara Towers<\/li>\n<\/ul>\n<p>Die beiden besten Teams aus der Vorsaison qualifizieren sich f\u00fcr den Cup. Das dritte Team, welches nicht f\u00fcr den Cup qualifiziert ist, spielt dann am ersten Tag der Pre-Season im sog. Serena Game gegen den Drittplatzierten des Chan Sen Cups.<\/p>\n<p><b>Die Sieger<\/b><\/p>\n<p><strong>2022 <\/strong>(Red Beach)<strong>:<\/strong>Freeport Mariners<br \/>\n2021 <\/strong>(Santa Clara)<strong>: <\/strong>Freeport Mariners<strong><br \/>\n2020 <\/strong>(Freeport)<strong>: <\/strong>Freeport Mariners<strong><br \/>\n2019 <\/strong>(Red Beach)<strong>: <\/strong>Red Beach Islanders<strong><br \/>\n<\/strong><\/p>\n<p><strong>Ewige Tabelle<\/strong><\/p>\n<div class=\"sportspress sp-widget-align-justify\"><div class=\"sp-template sp-template-league-table\">\n\t<div class=\"sp-table-wrapper\"><table class=\"sp-league-table sp-league-table-1116 sp-data-table sp-sortable-table sp-scrollable-table sp-paginated-table\" data-sp-rows=\"10\"><thead><tr><th class=\"data-rank\">Pos.<\/th><th class=\"data-name\">Club<\/th><th class=\"data-sp\">Sp<\/th><th class=\"data-w\">S<\/th><th class=\"data-n\">N<\/th><th class=\"data-f\">ET<\/th><th class=\"data-gt\">GT<\/th><th class=\"data-diff\">Diff.<\/th><\/tr><\/thead><tbody><tr class=\"odd sp-row-no-0\"><td class=\"data-rank\" data-label=\"Pos.\">1<\/td><td class=\"data-name\" data-label=\"Club\">Freeport Mariners<\/td><td class=\"data-sp\" data-label=\"Sp\">3<\/td><td class=\"data-w\" data-label=\"S\">3<\/td><td class=\"data-n\" data-label=\"N\">0<\/td><td class=\"data-f\" data-label=\"ET\">5<\/td><td class=\"data-gt\" data-label=\"GT\">0<\/td><td class=\"data-diff\" data-label=\"Diff.\">5<\/td><\/tr><tr class=\"even sp-row-no-1\"><td class=\"data-rank\" data-label=\"Pos.\">2<\/td><td class=\"data-name\" data-label=\"Club\">Red Beach Islanders<\/td><td class=\"data-sp\" data-label=\"Sp\">2<\/td><td class=\"data-w\" data-label=\"S\">1<\/td><td class=\"data-n\" data-label=\"N\">1<\/td><td class=\"data-f\" data-label=\"ET\">2<\/td><td class=\"data-gt\" data-label=\"GT\">0<\/td><td class=\"data-diff\" data-label=\"Diff.\">2<\/td><\/tr><tr class=\"odd sp-row-no-2\"><td class=\"data-rank\" data-label=\"Pos.\">3<\/td><td class=\"data-name\" data-label=\"Club\">Santa Clara Towers<\/td><td class=\"data-sp\" data-label=\"Sp\">3<\/td><td class=\"data-w\" data-label=\"S\">0<\/td><td class=\"data-n\" data-label=\"N\">3<\/td><td class=\"data-f\" data-label=\"ET\">0<\/td><td class=\"data-gt\" data-label=\"GT\">7<\/td><td class=\"data-diff\" data-label=\"Diff.\">-7<\/td><\/tr><\/tbody><\/table><\/div><\/div>\n<\/div>\n<p><em>Mariners nahmen 2019, die Towers 2020 und die Islanders 2021 &#038; 2022 am Serena Game teil.<\/em><\/p>\n","protected":false},"excerpt":{"rendered":"<p>Der Peninsula Cup ist ein NSL Cup, welcher zur Serena Series geh\u00f6rt. Neben dem Peninsula Cup, z\u00e4hlt auch der Chan Sen Cup und das Serena Game zur Serena Series. Teilnehmen k\u00f6nnen die Teams Freeport Mariners, Red Beach Islanders &amp; Santa Clara Towers Die beiden besten Teams aus der Vorsaison qualifizieren sich f\u00fcr den Cup. Das [&hellip;]<\/p>\n","protected":false},"author":1,"featured_media":0,"parent":0,"menu_order":0,"comment_status":"closed","ping_status":"closed","template":"","meta":{"footnotes":""},"class_list":["post-52","page","type-page","status-publish","hentry"],"_links":{"self":[{"href":"http:\/\/nsl.drenai.net\/index.php?rest_route=\/wp\/v2\/pages\/52","targetHints":{"allow":["GET"]}}],"collection":[{"href":"http:\/\/nsl.drenai.net\/index.php?rest_route=\/wp\/v2\/pages"}],"about":[{"href":"http:\/\/nsl.drenai.net\/index.php?rest_route=\/wp\/v2\/types\/page"}],"author":[{"embeddable":true,"href":"http:\/\/nsl.drenai.net\/index.php?rest_route=\/wp\/v2\/users\/1"}],"replies":[{"embeddable":true,"href":"http:\/\/nsl.drenai.net\/index.php?rest_route=%2Fwp%2Fv2%2Fcomments&post=52"}],"version-history":[{"count":10,"href":"http:\/\/nsl.drenai.net\/index.php?rest_route=\/wp\/v2\/pages\/52\/revisions"}],"predecessor-version":[{"id":2269,"href":"http:\/\/nsl.drenai.net\/index.php?rest_route=\/wp\/v2\/pages\/52\/revisions\/2269"}],"wp:attachment":[{"href":"http:\/\/nsl.drenai.net\/index.php?rest_route=%2Fwp%2Fv2%2Fmedia&parent=52"}],"curies":[{"name":"wp","href":"https:\/\/api.w.org\/{rel}","templated":true}]}}