{"id":53,"date":"2020-02-22T09:04:06","date_gmt":"2020-02-22T09:04:06","guid":{"rendered":"http:\/\/nsl.drenai.net\/?page_id=53"},"modified":"2022-09-25T12:59:27","modified_gmt":"2022-09-25T12:59:27","slug":"chan-sen-cup","status":"publish","type":"page","link":"http:\/\/nsl.drenai.net\/?page_id=53","title":{"rendered":"Chan Sen Cup"},"content":{"rendered":"<p>Der Chan Sen Cup ist ein NSL Cup, welcher zur Serena Series geh\u00f6rt. Neben dem Chan Sen Cup, z\u00e4hlt auch der Peninsula Cup und das Serena Game zur Serena Series.<\/p>\n<p>Teilnehmen k\u00f6nnen die Teams<\/p>\n<ul>\n<li>Hong Nam Energy,<\/li>\n<li>Liaoning Wizards &amp;<\/li>\n<li>Xij-An Nitros<\/li>\n<\/ul>\n<p>Die beiden besten Teams aus der Vorsaison qualifizieren sich f\u00fcr den Cup. Das dritte Team, welches nicht f\u00fcr den Cup qualifiziert ist, spielt dann am ersten Tag der Pre-Season im sog. Serena Game gegen den Drittplatzierten des Peninsula Cups.<\/p>\n<p><b>Die Sieger<\/b><\/p>\n<p><strong>2022 <\/strong>(Hong Nam)<strong>: <\/strong>Xij-An Nitros<strong><br \/>\n2021 <\/strong>(Liaoning)<strong>: <\/strong>Liaoning Wizards<strong><br \/>\n2020 <\/strong>(Xji-An)<strong>: <\/strong>Hong Nam Energy<strong><br \/>\n2019 <\/strong>(Hong Nam)<strong>: <\/strong>Liaoning Wizards<strong><br \/>\n<\/strong><\/p>\n<p><strong>Ewige Tabelle<\/strong><\/p>\n<div class=\"sportspress sp-widget-align-justify\"><div class=\"sp-template sp-template-league-table\">\n\t<div class=\"sp-table-wrapper\"><table class=\"sp-league-table sp-league-table-1110 sp-data-table sp-sortable-table sp-scrollable-table sp-paginated-table\" data-sp-rows=\"10\"><thead><tr><th class=\"data-rank\">Pos.<\/th><th class=\"data-name\">Club<\/th><th class=\"data-sp\">Sp<\/th><th class=\"data-w\">S<\/th><th class=\"data-n\">N<\/th><th class=\"data-f\">ET<\/th><th class=\"data-gt\">GT<\/th><th class=\"data-diff\">Diff.<\/th><\/tr><\/thead><tbody><tr class=\"odd sp-row-no-0\"><td class=\"data-rank\" data-label=\"Pos.\">1<\/td><td class=\"data-name\" data-label=\"Club\">Liaoning Wizards<\/td><td class=\"data-sp\" data-label=\"Sp\">4<\/td><td class=\"data-w\" data-label=\"S\">2<\/td><td class=\"data-n\" data-label=\"N\">2<\/td><td class=\"data-f\" data-label=\"ET\">9<\/td><td class=\"data-gt\" data-label=\"GT\">6<\/td><td class=\"data-diff\" data-label=\"Diff.\">3<\/td><\/tr><tr class=\"even sp-row-no-1\"><td class=\"data-rank\" data-label=\"Pos.\">2<\/td><td class=\"data-name\" data-label=\"Club\">Hong Nam Energy<\/td><td class=\"data-sp\" data-label=\"Sp\">2<\/td><td class=\"data-w\" data-label=\"S\">1<\/td><td class=\"data-n\" data-label=\"N\">1<\/td><td class=\"data-f\" data-label=\"ET\">5<\/td><td class=\"data-gt\" data-label=\"GT\">4<\/td><td class=\"data-diff\" data-label=\"Diff.\">1<\/td><\/tr><tr class=\"odd sp-row-no-2\"><td class=\"data-rank\" data-label=\"Pos.\">3<\/td><td class=\"data-name\" data-label=\"Club\">Xij-An Nitros<\/td><td class=\"data-sp\" data-label=\"Sp\">2<\/td><td class=\"data-w\" data-label=\"S\">1<\/td><td class=\"data-n\" data-label=\"N\">1<\/td><td class=\"data-f\" data-label=\"ET\">1<\/td><td class=\"data-gt\" data-label=\"GT\">5<\/td><td class=\"data-diff\" data-label=\"Diff.\">-4<\/td><\/tr><\/tbody><\/table><\/div><\/div>\n<\/div>\n<p><em>Energy nahmen 2019 &amp; 2022, die Nitros 2020 &amp; 2021 am Serena Game teil.<\/em><\/p>\n","protected":false},"excerpt":{"rendered":"<p>Der Chan Sen Cup ist ein NSL Cup, welcher zur Serena Series geh\u00f6rt. Neben dem Chan Sen Cup, z\u00e4hlt auch der Peninsula Cup und das Serena Game zur Serena Series. Teilnehmen k\u00f6nnen die Teams Hong Nam Energy, Liaoning Wizards &amp; Xij-An Nitros Die beiden besten Teams aus der Vorsaison qualifizieren sich f\u00fcr den Cup. Das [&hellip;]<\/p>\n","protected":false},"author":1,"featured_media":0,"parent":0,"menu_order":0,"comment_status":"closed","ping_status":"closed","template":"","meta":{"footnotes":""},"class_list":["post-53","page","type-page","status-publish","hentry"],"_links":{"self":[{"href":"http:\/\/nsl.drenai.net\/index.php?rest_route=\/wp\/v2\/pages\/53","targetHints":{"allow":["GET"]}}],"collection":[{"href":"http:\/\/nsl.drenai.net\/index.php?rest_route=\/wp\/v2\/pages"}],"about":[{"href":"http:\/\/nsl.drenai.net\/index.php?rest_route=\/wp\/v2\/types\/page"}],"author":[{"embeddable":true,"href":"http:\/\/nsl.drenai.net\/index.php?rest_route=\/wp\/v2\/users\/1"}],"replies":[{"embeddable":true,"href":"http:\/\/nsl.drenai.net\/index.php?rest_route=%2Fwp%2Fv2%2Fcomments&post=53"}],"version-history":[{"count":13,"href":"http:\/\/nsl.drenai.net\/index.php?rest_route=\/wp\/v2\/pages\/53\/revisions"}],"predecessor-version":[{"id":2260,"href":"http:\/\/nsl.drenai.net\/index.php?rest_route=\/wp\/v2\/pages\/53\/revisions\/2260"}],"wp:attachment":[{"href":"http:\/\/nsl.drenai.net\/index.php?rest_route=%2Fwp%2Fv2%2Fmedia&parent=53"}],"curies":[{"name":"wp","href":"https:\/\/api.w.org\/{rel}","templated":true}]}}